{"id":357,"date":"2024-05-23T11:21:18","date_gmt":"2024-05-23T09:21:18","guid":{"rendered":"https:\/\/bbb.svenso.app\/?page_id=357"},"modified":"2025-10-15T15:12:30","modified_gmt":"2025-10-15T13:12:30","slug":"impressum","status":"publish","type":"page","link":"https:\/\/www.bbboeheimkirchen.at\/en\/impressum\/","title":{"rendered":"Imprint"},"content":{"rendered":"<p>Rosemarie Braunsteiner<br>Hochfeldstra\u00dfe 15<br>3071 B\u00f6heimkirchen<\/p>","protected":false},"excerpt":{"rendered":"<p>Rosemarie BraunsteinerHochfeldstra\u00dfe 153071 B\u00f6heimkirchen<\/p>","protected":false},"author":1,"featured_media":0,"parent":0,"menu_order":0,"comment_status":"closed","ping_status":"closed","template":"","meta":{"footnotes":""},"class_list":["post-357","page","type-page","status-publish","hentry"],"yoast_head":"<!-- This site is optimized with the Yoast SEO plugin v27.6 - https:\/\/yoast.com\/product\/yoast-seo-wordpress\/ -->\n<title>Impressum - Bed &amp; Breakfast Braunsteiner in B\u00f6heimkirchen<\/title>\n<meta name=\"robots\" content=\"noindex, nofollow\" \/>\n<meta property=\"og:locale\" content=\"en_GB\" \/>\n<meta property=\"og:type\" content=\"article\" \/>\n<meta property=\"og:title\" content=\"Impressum - Bed &amp; Breakfast Braunsteiner in B\u00f6heimkirchen\" \/>\n<meta property=\"og:description\" content=\"Rosemarie BraunsteinerHochfeldstra\u00dfe 153071 B\u00f6heimkirchen\" \/>\n<meta property=\"og:url\" content=\"https:\/\/www.bbboeheimkirchen.at\/en\/impressum\/\" \/>\n<meta property=\"og:site_name\" content=\"Bed &amp; Breakfast Braunsteiner in B\u00f6heimkirchen\" \/>\n<meta property=\"article:modified_time\" content=\"2025-10-15T13:12:30+00:00\" \/>\n<meta name=\"twitter:card\" content=\"summary_large_image\" \/>\n<meta name=\"twitter:label1\" content=\"Estimated reading time\" \/>\n\t<meta name=\"twitter:data1\" content=\"1 minute\" \/>\n<script type=\"application\/ld+json\" class=\"yoast-schema-graph\">{\"@context\":\"https:\\\/\\\/schema.org\",\"@graph\":[{\"@type\":\"WebPage\",\"@id\":\"https:\\\/\\\/www.bbboeheimkirchen.at\\\/impressum\\\/\",\"url\":\"https:\\\/\\\/www.bbboeheimkirchen.at\\\/impressum\\\/\",\"name\":\"Impressum - Bed &amp; Breakfast Braunsteiner in B\u00f6heimkirchen\",\"isPartOf\":{\"@id\":\"https:\\\/\\\/www.bbboeheimkirchen.at\\\/#website\"},\"datePublished\":\"2024-05-23T09:21:18+00:00\",\"dateModified\":\"2025-10-15T13:12:30+00:00\",\"breadcrumb\":{\"@id\":\"https:\\\/\\\/www.bbboeheimkirchen.at\\\/impressum\\\/#breadcrumb\"},\"inLanguage\":\"en-GB\",\"potentialAction\":[{\"@type\":\"ReadAction\",\"target\":[\"https:\\\/\\\/www.bbboeheimkirchen.at\\\/impressum\\\/\"]}]},{\"@type\":\"BreadcrumbList\",\"@id\":\"https:\\\/\\\/www.bbboeheimkirchen.at\\\/impressum\\\/#breadcrumb\",\"itemListElement\":[{\"@type\":\"ListItem\",\"position\":1,\"name\":\"Startseite\",\"item\":\"https:\\\/\\\/www.bbboeheimkirchen.at\\\/\"},{\"@type\":\"ListItem\",\"position\":2,\"name\":\"Impressum\"}]},{\"@type\":\"WebSite\",\"@id\":\"https:\\\/\\\/www.bbboeheimkirchen.at\\\/#website\",\"url\":\"https:\\\/\\\/www.bbboeheimkirchen.at\\\/\",\"name\":\"Bed & Breakfast Braunsteiner in B\u00f6heimkirchen\",\"description\":\"\",\"publisher\":{\"@id\":\"https:\\\/\\\/www.bbboeheimkirchen.at\\\/#organization\"},\"potentialAction\":[{\"@type\":\"SearchAction\",\"target\":{\"@type\":\"EntryPoint\",\"urlTemplate\":\"https:\\\/\\\/www.bbboeheimkirchen.at\\\/?s={search_term_string}\"},\"query-input\":{\"@type\":\"PropertyValueSpecification\",\"valueRequired\":true,\"valueName\":\"search_term_string\"}}],\"inLanguage\":\"en-GB\"},{\"@type\":\"Organization\",\"@id\":\"https:\\\/\\\/www.bbboeheimkirchen.at\\\/#organization\",\"name\":\"Bed & Breakfast Braunsteiner in B\u00f6heimkirchen\",\"url\":\"https:\\\/\\\/www.bbboeheimkirchen.at\\\/\",\"logo\":{\"@type\":\"ImageObject\",\"inLanguage\":\"en-GB\",\"@id\":\"https:\\\/\\\/www.bbboeheimkirchen.at\\\/#\\\/schema\\\/logo\\\/image\\\/\",\"url\":\"https:\\\/\\\/www.bbboeheimkirchen.at\\\/wp-content\\\/uploads\\\/2024\\\/05\\\/Schlafzimmer2-1.jpg\",\"contentUrl\":\"https:\\\/\\\/www.bbboeheimkirchen.at\\\/wp-content\\\/uploads\\\/2024\\\/05\\\/Schlafzimmer2-1.jpg\",\"width\":1200,\"height\":900,\"caption\":\"Bed & Breakfast Braunsteiner in B\u00f6heimkirchen\"},\"image\":{\"@id\":\"https:\\\/\\\/www.bbboeheimkirchen.at\\\/#\\\/schema\\\/logo\\\/image\\\/\"}}]}<\/script>\n<!-- \/ Yoast SEO plugin. -->","yoast_head_json":{"title":"Impressum - Bed &amp; Breakfast Braunsteiner in B\u00f6heimkirchen","robots":{"index":"noindex","follow":"nofollow"},"og_locale":"en_GB","og_type":"article","og_title":"Impressum - Bed &amp; Breakfast Braunsteiner in B\u00f6heimkirchen","og_description":"Rosemarie BraunsteinerHochfeldstra\u00dfe 153071 B\u00f6heimkirchen","og_url":"https:\/\/www.bbboeheimkirchen.at\/en\/impressum\/","og_site_name":"Bed &amp; Breakfast Braunsteiner in B\u00f6heimkirchen","article_modified_time":"2025-10-15T13:12:30+00:00","twitter_card":"summary_large_image","twitter_misc":{"Estimated reading time":"1 minute"},"schema":{"@context":"https:\/\/schema.org","@graph":[{"@type":"WebPage","@id":"https:\/\/www.bbboeheimkirchen.at\/impressum\/","url":"https:\/\/www.bbboeheimkirchen.at\/impressum\/","name":"Impressum - Bed &amp; Breakfast Braunsteiner in B\u00f6heimkirchen","isPartOf":{"@id":"https:\/\/www.bbboeheimkirchen.at\/#website"},"datePublished":"2024-05-23T09:21:18+00:00","dateModified":"2025-10-15T13:12:30+00:00","breadcrumb":{"@id":"https:\/\/www.bbboeheimkirchen.at\/impressum\/#breadcrumb"},"inLanguage":"en-GB","potentialAction":[{"@type":"ReadAction","target":["https:\/\/www.bbboeheimkirchen.at\/impressum\/"]}]},{"@type":"BreadcrumbList","@id":"https:\/\/www.bbboeheimkirchen.at\/impressum\/#breadcrumb","itemListElement":[{"@type":"ListItem","position":1,"name":"Startseite","item":"https:\/\/www.bbboeheimkirchen.at\/"},{"@type":"ListItem","position":2,"name":"Impressum"}]},{"@type":"WebSite","@id":"https:\/\/www.bbboeheimkirchen.at\/#website","url":"https:\/\/www.bbboeheimkirchen.at\/","name":"Bed & Breakfast Braunsteiner in B\u00f6heimkirchen","description":"","publisher":{"@id":"https:\/\/www.bbboeheimkirchen.at\/#organization"},"potentialAction":[{"@type":"SearchAction","target":{"@type":"EntryPoint","urlTemplate":"https:\/\/www.bbboeheimkirchen.at\/?s={search_term_string}"},"query-input":{"@type":"PropertyValueSpecification","valueRequired":true,"valueName":"search_term_string"}}],"inLanguage":"en-GB"},{"@type":"Organization","@id":"https:\/\/www.bbboeheimkirchen.at\/#organization","name":"Bed & Breakfast Braunsteiner in B\u00f6heimkirchen","url":"https:\/\/www.bbboeheimkirchen.at\/","logo":{"@type":"ImageObject","inLanguage":"en-GB","@id":"https:\/\/www.bbboeheimkirchen.at\/#\/schema\/logo\/image\/","url":"https:\/\/www.bbboeheimkirchen.at\/wp-content\/uploads\/2024\/05\/Schlafzimmer2-1.jpg","contentUrl":"https:\/\/www.bbboeheimkirchen.at\/wp-content\/uploads\/2024\/05\/Schlafzimmer2-1.jpg","width":1200,"height":900,"caption":"Bed & Breakfast Braunsteiner in B\u00f6heimkirchen"},"image":{"@id":"https:\/\/www.bbboeheimkirchen.at\/#\/schema\/logo\/image\/"}}]}},"_links":{"self":[{"href":"https:\/\/www.bbboeheimkirchen.at\/en\/wp-json\/wp\/v2\/pages\/357","targetHints":{"allow":["GET"]}}],"collection":[{"href":"https:\/\/www.bbboeheimkirchen.at\/en\/wp-json\/wp\/v2\/pages"}],"about":[{"href":"https:\/\/www.bbboeheimkirchen.at\/en\/wp-json\/wp\/v2\/types\/page"}],"author":[{"embeddable":true,"href":"https:\/\/www.bbboeheimkirchen.at\/en\/wp-json\/wp\/v2\/users\/1"}],"replies":[{"embeddable":true,"href":"https:\/\/www.bbboeheimkirchen.at\/en\/wp-json\/wp\/v2\/comments?post=357"}],"version-history":[{"count":1,"href":"https:\/\/www.bbboeheimkirchen.at\/en\/wp-json\/wp\/v2\/pages\/357\/revisions"}],"predecessor-version":[{"id":358,"href":"https:\/\/www.bbboeheimkirchen.at\/en\/wp-json\/wp\/v2\/pages\/357\/revisions\/358"}],"wp:attachment":[{"href":"https:\/\/www.bbboeheimkirchen.at\/en\/wp-json\/wp\/v2\/media?parent=357"}],"curies":[{"name":"wp","href":"https:\/\/api.w.org\/{rel}","templated":true}]}}